{"id":185,"date":"2026-03-22T16:52:45","date_gmt":"2026-03-22T16:52:45","guid":{"rendered":"https:\/\/tsu.network\/tsu\/?page_id=185"},"modified":"2026-03-27T02:07:24","modified_gmt":"2026-03-27T02:07:24","slug":"nuestro-evento-inaugural-28-03-2026","status":"publish","type":"page","link":"https:\/\/tsu.network\/tsu\/nuestro-evento-inaugural-28-03-2026\/","title":{"rendered":"Nuestro Evento Inaugural"},"content":{"rendered":"\n<h2 class=\"wp-block-heading\"><strong>Tendr\u00e1 lugar, como ya lo convenimos con todos ustedes, cuando se recauden los fondos necesarios para pagar al abogado que legalmente est\u00e1 llevando nuestra iniciativa.<\/strong><\/h2>\n\n\n\n<figure class=\"wp-block-image size-full\"><img loading=\"lazy\" decoding=\"async\" width=\"225\" height=\"225\" src=\"https:\/\/tsu.network\/tsu\/wp-content\/uploads\/2026\/03\/flecha_abajo.jpg\" alt=\"Paga aqu\u00ed\" class=\"wp-image-176\" srcset=\"https:\/\/tsu.network\/tsu\/wp-content\/uploads\/2026\/03\/flecha_abajo.jpg 225w, https:\/\/tsu.network\/tsu\/wp-content\/uploads\/2026\/03\/flecha_abajo-150x150.jpg 150w, https:\/\/tsu.network\/tsu\/wp-content\/uploads\/2026\/03\/flecha_abajo-100x100.jpg 100w\" sizes=\"auto, (max-width: 225px) 100vw, 225px\" \/><figcaption class=\"wp-element-caption\">Es nuestra cuota de recuperaci\u00f3n: $500 pesos MN, env\u00eda tu aportaci\u00f3n a:<br><br>Cuenta BBVA:<br>287 263 7200<br>Cuenta CLABE:<br>012 180 02872637200 9<br>Tarjeta Bancaria BBVA (puedes pagar en OXXO o tiendas de \u00abautoservicio\u00bb):<br>4152 3142 8464 6273<br><br>Much\u00edsimas gracias, Dios Te Bendice<\/figcaption><\/figure>\n\n\n\n<p><a href=\"https:\/\/www.google.com\/maps\/place\/Le+Pain+Quotidien\/@19.3286578,-99.2148838,17z\/data=!3m1!4b1!4m6!3m5!1s0x85cdff8cadbc246d:0x2eced1f406ea192d!8m2!3d19.3286528!4d-99.2123089!16s%2Fg%2F11cs6f2wy9?entry=ttu&amp;g_ep=EgoyMDI2MDMwNC4xIKXMDSoASAFQAw%3D%3D\"><strong>Esto se indica en Google Maps<\/strong><\/a><\/p>\n\n\n\n<figure class=\"wp-block-image size-full\"><img loading=\"lazy\" decoding=\"async\" width=\"251\" height=\"201\" src=\"https:\/\/tsu.network\/tsu\/wp-content\/uploads\/2026\/03\/flecha_arriba.jpg\" alt=\"Sigue el link\" class=\"wp-image-177\" srcset=\"https:\/\/tsu.network\/tsu\/wp-content\/uploads\/2026\/03\/flecha_arriba.jpg 251w, https:\/\/tsu.network\/tsu\/wp-content\/uploads\/2026\/03\/flecha_arriba-150x120.jpg 150w, https:\/\/tsu.network\/tsu\/wp-content\/uploads\/2026\/03\/flecha_arriba-187x150.jpg 187w\" sizes=\"auto, (max-width: 251px) 100vw, 251px\" \/><\/figure>\n\n\n\n<figure class=\"wp-block-image size-full\"><img loading=\"lazy\" decoding=\"async\" width=\"626\" height=\"544\" src=\"https:\/\/tsu.network\/tsu\/wp-content\/uploads\/2026\/03\/ubicacion-de-Le-Pain-Quotidien-con-bandera.png\" alt=\"\" class=\"wp-image-193\" srcset=\"https:\/\/tsu.network\/tsu\/wp-content\/uploads\/2026\/03\/ubicacion-de-Le-Pain-Quotidien-con-bandera.png 626w, https:\/\/tsu.network\/tsu\/wp-content\/uploads\/2026\/03\/ubicacion-de-Le-Pain-Quotidien-con-bandera-300x261.png 300w, https:\/\/tsu.network\/tsu\/wp-content\/uploads\/2026\/03\/ubicacion-de-Le-Pain-Quotidien-con-bandera-150x130.png 150w, https:\/\/tsu.network\/tsu\/wp-content\/uploads\/2026\/03\/ubicacion-de-Le-Pain-Quotidien-con-bandera-173x150.png 173w, https:\/\/tsu.network\/tsu\/wp-content\/uploads\/2026\/03\/ubicacion-de-Le-Pain-Quotidien-con-bandera-600x521.png 600w\" sizes=\"auto, (max-width: 626px) 100vw, 626px\" \/><\/figure>\n\n\n\n<p>Me da much\u00edsimo gusto poderte invitar a un mega evento de inauguraci\u00f3n de una AC a favor de las personas como t\u00fa, junto con la maravillosa gente, artistas, artesanos, amantes de la creatividad que nos distingue como verdaderos humanos, algo que pocos experimentan, pero es mi misi\u00f3n frente a Lo Supremo unirnos y seguir el \u00fanico camino que hay para quitar de la mente de la gente los pensamientos negativos para hacer de este mundo un para\u00edso mejor.<\/p>\n\n\n\n<figure class=\"wp-block-image size-full\"><img loading=\"lazy\" decoding=\"async\" width=\"226\" height=\"338\" src=\"https:\/\/tsu.network\/tsu\/wp-content\/uploads\/2026\/03\/Yo-El-Adivinador.png\" alt=\"\" class=\"wp-image-196\" srcset=\"https:\/\/tsu.network\/tsu\/wp-content\/uploads\/2026\/03\/Yo-El-Adivinador.png 226w, https:\/\/tsu.network\/tsu\/wp-content\/uploads\/2026\/03\/Yo-El-Adivinador-201x300.png 201w, https:\/\/tsu.network\/tsu\/wp-content\/uploads\/2026\/03\/Yo-El-Adivinador-100x150.png 100w\" sizes=\"auto, (max-width: 226px) 100vw, 226px\" \/><\/figure>\n\n\n\n<p>Desde hace mucho tiempo, tambi\u00e9n en vidas pasadas <strong>he profetizado este momento, El de La Gran Inauguraci\u00f3n anunciando La Venida de Hacer de Este Mundo Un Para\u00edso Mejor, por El Bien de La Bondad, deteniendo, por medio del ejemplo a seguir, La Tercera Guerra Mundial causada por La Ley del M\u00e1s Fuerte, no La Ley de La Sabidur\u00eda de Jes\u00fas de Nazaret y otros grandes y verdaderos maestros, como lo es mi Verdadera Maestra de Meditaci\u00f3n, L\u00edder del Yoga, no de cualquier Yoga (hata yoga, kundalini yoga, etc), sino que del Yoga de La Perfecci\u00f3n, que en el idioma S\u00e1nscrito se llama \u00abSiddha Yoga\u00bb, el Yoga de los Siddhas, como yo soy uno de entre ellos<\/strong>.<\/p>\n\n\n\n<p><\/p>\n","protected":false},"excerpt":{"rendered":"<p>Tendr\u00e1 lugar, como ya lo convenimos con todos ustedes, cuando se recauden los fondos necesarios para pagar al abogado que legalmente est\u00e1 llevando nuestra iniciativa. Esto se indica en Google Maps Me da much\u00edsimo gusto poderte invitar a un mega evento de inauguraci\u00f3n de una AC a favor de las&#8230; <a class=\"continue-reading-link\" href=\"https:\/\/tsu.network\/tsu\/nuestro-evento-inaugural-28-03-2026\/\"> Continue reading <span class=\"meta-nav\">&rarr; <\/span><\/a><\/p>\n","protected":false},"author":2,"featured_media":0,"parent":0,"menu_order":0,"comment_status":"closed","ping_status":"closed","template":"","meta":{"footnotes":""},"class_list":["post-185","page","type-page","status-publish","hentry"],"jetpack_sharing_enabled":true,"_links":{"self":[{"href":"https:\/\/tsu.network\/tsu\/wp-json\/wp\/v2\/pages\/185","targetHints":{"allow":["GET"]}}],"collection":[{"href":"https:\/\/tsu.network\/tsu\/wp-json\/wp\/v2\/pages"}],"about":[{"href":"https:\/\/tsu.network\/tsu\/wp-json\/wp\/v2\/types\/page"}],"author":[{"embeddable":true,"href":"https:\/\/tsu.network\/tsu\/wp-json\/wp\/v2\/users\/2"}],"replies":[{"embeddable":true,"href":"https:\/\/tsu.network\/tsu\/wp-json\/wp\/v2\/comments?post=185"}],"version-history":[{"count":10,"href":"https:\/\/tsu.network\/tsu\/wp-json\/wp\/v2\/pages\/185\/revisions"}],"predecessor-version":[{"id":208,"href":"https:\/\/tsu.network\/tsu\/wp-json\/wp\/v2\/pages\/185\/revisions\/208"}],"wp:attachment":[{"href":"https:\/\/tsu.network\/tsu\/wp-json\/wp\/v2\/media?parent=185"}],"curies":[{"name":"wp","href":"https:\/\/api.w.org\/{rel}","templated":true}]}}