{"id":2,"date":"2026-01-18T09:54:53","date_gmt":"2026-01-18T09:54:53","guid":{"rendered":"http:\/\/tsu.network\/tsu\/?page_id=2"},"modified":"2026-03-27T02:00:24","modified_gmt":"2026-03-27T02:00:24","slug":"sample-page","status":"publish","type":"page","link":"https:\/\/tsu.network\/tsu\/sample-page\/","title":{"rendered":"Aparta tu lugar para el evento inaugural"},"content":{"rendered":"\n<p>Te invitamos a nuestro gran evento inaugural, en donde nos reunimos por primera vez todos aquellos que desean ser socios fundadores de nuestro equipo de ayuda desinteresada a la sociedad, por medio de la puesta en marcha, pagando todos los gastos de registro y de notario, de una Fundaci\u00f3n llamada: Todos Somos Uno &#8211; TSU.<\/p>\n\n\n\n<blockquote class=\"wp-block-quote is-layout-flow wp-block-quote-is-layout-flow\">\n<p>La pertenencia a este grupo o Sociedad de Responsabilidad Social, seg\u00fan los lineamientos de CEMEFI, se realiza por medio de la adquisici\u00f3n de una membres\u00eda que puede ser vitalicia, siempre y cuando la persona que se registre se desarrolle por medio de nuestros cursos como un verdadero ser humano. Nosotros no estamos de acuerdo con los registros oficiales en todo el mundo, como con el INE en M\u00e9xico que registra a las personas que son de nacionalidad mexicana, excluyendo as\u00ed a todo ciudadano de cualquier naci\u00f3n, en todo el mundo.<\/p>\n\n\n\n<p>Somos la \u00fanica organizaci\u00f3n con registro legal (estamos trabajando en este registro y te invitamos a formar parte del grupo de trabajo que lo est\u00e1 haciendo) que registra, como lo indica La Declaraci\u00f3n de Independencia de los 13 Estados de Am\u00e9rica de 1776:<\/p>\n\n\n\n<p><strong>In Congress, July 4, 1776<\/strong><\/p>\n\n\n\n<p><strong>The unanimous Declaration of the thirteen united States of America,<\/strong> When in the Course of human events, it becomes necessary for one people to dissolve the political bands which have connected them with another, and to assume among the powers of the earth, the separate and equal station to which the Laws of Nature and of Nature&#8217;s God entitle them, a decent respect to the opinions of mankind requires that they should declare the causes which impel them to the separation.<\/p>\n\n\n\n<p>\u00abWe hold these truths to be self-evident, that all men are created equal, that they are endowed by their Creator with certain unalienable Rights, that among these are Life, Liberty and the pursuit of Happiness.&#8211;That to secure these rights, Governments are instituted among Men, deriving their just powers from the consent of the governed, &#8211;That whenever any Form of Government becomes destructive of these ends, it is the Right of the People to alter or to abolish it, and to institute new Government, laying its foundation on such principles and organizing its powers in such form, as to them shall seem most likely to effect their Safety and Happiness.\u00bb, que en Espa\u00f1ol se traduce como:<\/p>\n\n\n\n<pre id=\"tw-target-text\" class=\"wp-block-preformatted\">Sostenemos como verdades evidentes por s\u00ed mismas que todos los hombres son creados iguales, que son dotados por su Creador de ciertos derechos inalienables, que entre estos se encuentran la Vida, la Libertad y la b\u00fasqueda de la Felicidad. Que para garantizar estos derechos, se instituyen Gobiernos entre los Hombres, que derivan sus justos poderes del consentimiento de los gobernados. Que cuando cualquier Forma de Gobierno se vuelve destructiva de estos fines, es Derecho del Pueblo alterarla o abolirla, e instituir un nuevo Gobierno, sentando sus bases sobre tales principios y organizando sus poderes de tal forma, que a ellos les parezca m\u00e1s probable que evidencie su Seguridad y Felicidad.<\/pre>\n<\/blockquote>\n\n\n\n<p>Como es obvio que nuestros vecinos del norte son los m\u00e1s mentirosos en todo el mundo, si nos basamos en su declaraci\u00f3n que todos los d\u00edas pisotean y le escupen encima, convirtiendo, por medio de La Ley del M\u00e1s Fuerte que impera en nuestro planeta, a muchos dirigentes en megal\u00f3manos psic\u00f3ticos con delirios de grandeza, que tienen alucinaciones de que Dios mismo les hace los mandados. Sabemos que nosotros, los mexicanos, estamos trabajando con hechos, y no solamente con promesas pol\u00edticas, que pr\u00e1cticamente todas las promesas pol\u00edticas son mentiras, ya que nunca se cumple lo que los dirigentes pol\u00edticos prometen. De ninguna manera son estos dirigentes, tambi\u00e9n los dirigentes empresariales, religiosos, o de cualquier organizaci\u00f3n que someten a las personas a sus doctrinas fan\u00e1ticas, de ninguna manera son estos dirigentes honestos al prometer la felicidad y libertad a sus seguidores, ya que, tanto las religiones, como la de los sionistas, como los dirigentes de lo que se llama Estados Unidos de Am\u00e9rica, que de ninguna manera son unidos, ni son de toda Am\u00e9rica, no son democr\u00e1ticos, sino que autoritarios o dictadores.<\/p>\n\n\n\n<blockquote class=\"wp-block-quote is-layout-flow wp-block-quote-is-layout-flow\">\n<p>Por favor visiten nuestra p\u00e1gina web que da detalles de nuestro evento inaugural del 28 de marzo de este mismo a\u00f1o, 2026, en este mismo Sitio Web, el Sitio Web m\u00e1s notorio del mundo, porque ninguno de ellos se atreve a decir lo primitivo que somos la raza humana frente a los extraterrestres, como lo sostiene J. J. Ben\u00edtez, autor de \u00abLa Cara Oculta de M\u00e9xico\u00bb.<\/p>\n<\/blockquote>\n\n\n\n<p>Si forman parte de lo que declara este Sitio Web, y participan activamente con nosotros, no como en las iglesias, en donde todos se burlan de Jes\u00fas de Nazareth convenci\u00e9ndose de que son pecadores y por lo tanto nunca podr\u00e1n seguir con hechos las ense\u00f1anzas del maestro que son sencillas basadas en: \u00e1mate a ti mismo, y s\u00f3lo as\u00ed podr\u00e1s amar a cualquier otro, entonces cumplir\u00e1n con lo que dice el apocalipsis:<\/p>\n\n\n\n<p>Tendr\u00e1n marcada en la frente el sello de Dios.<\/p>\n","protected":false},"excerpt":{"rendered":"<p>Te invitamos a nuestro gran evento inaugural, en donde nos reunimos por primera vez todos aquellos que desean ser socios fundadores de nuestro equipo de ayuda desinteresada a la sociedad, por medio de la puesta en marcha, pagando todos los gastos de registro y de notario, de una Fundaci\u00f3n llamada:&#8230; <a class=\"continue-reading-link\" href=\"https:\/\/tsu.network\/tsu\/sample-page\/\"> Continue reading <span class=\"meta-nav\">&rarr; <\/span><\/a><\/p>\n","protected":false},"author":1,"featured_media":0,"parent":0,"menu_order":0,"comment_status":"closed","ping_status":"open","template":"","meta":{"footnotes":""},"class_list":["post-2","page","type-page","status-publish","hentry"],"jetpack_sharing_enabled":true,"_links":{"self":[{"href":"https:\/\/tsu.network\/tsu\/wp-json\/wp\/v2\/pages\/2","targetHints":{"allow":["GET"]}}],"collection":[{"href":"https:\/\/tsu.network\/tsu\/wp-json\/wp\/v2\/pages"}],"about":[{"href":"https:\/\/tsu.network\/tsu\/wp-json\/wp\/v2\/types\/page"}],"author":[{"embeddable":true,"href":"https:\/\/tsu.network\/tsu\/wp-json\/wp\/v2\/users\/1"}],"replies":[{"embeddable":true,"href":"https:\/\/tsu.network\/tsu\/wp-json\/wp\/v2\/comments?post=2"}],"version-history":[{"count":3,"href":"https:\/\/tsu.network\/tsu\/wp-json\/wp\/v2\/pages\/2\/revisions"}],"predecessor-version":[{"id":205,"href":"https:\/\/tsu.network\/tsu\/wp-json\/wp\/v2\/pages\/2\/revisions\/205"}],"wp:attachment":[{"href":"https:\/\/tsu.network\/tsu\/wp-json\/wp\/v2\/media?parent=2"}],"curies":[{"name":"wp","href":"https:\/\/api.w.org\/{rel}","templated":true}]}}