{"id":118,"date":"2026-01-29T16:44:51","date_gmt":"2026-01-29T16:44:51","guid":{"rendered":"https:\/\/tsu.network\/tsu\/?post_type=product&#038;p=118"},"modified":"2026-02-01T17:41:14","modified_gmt":"2026-02-01T17:41:14","slug":"donar-dos-dolares-antes-de-suscribirse-a-la-red-victory-de-raul-salaverry","status":"publish","type":"product","link":"https:\/\/tsu.network\/tsu\/producto\/donar-dos-dolares-antes-de-suscribirse-a-la-red-victory-de-raul-salaverry\/","title":{"rendered":"Monto m\u00ednimo para Programa de Beneficio AH"},"content":{"rendered":"<p>El primer paso para sacar adelante a la humanidad de la actual crisis, la mayor de todas las crisis que hayan existido hasta ahora, es ayudarte a ti mismo, porque no puedes dar lo que no tienes.<\/p>\n<p>Sin embargo, desde el comienzo de esta gran aventura de gran riqueza personal, que va en aumento en forma exponencial, debes dar, al principio, una m\u00ednima parte a la sociedad en general.<\/p>\n<p>No hay otra forma de que t\u00fa salgas adelante, ya que todos dependemos de lo que le sucede a la gente y al mundo en general.<\/p>\n<p>Si no hay quien te venda comida no puedes comer y te mueres de hambre, por mucho dinero que tengas.<\/p>\n<p>Si no tienes otra posibilidad m\u00e1s digna de ti y del Ser Humano en general, comienza donando $50 pesos para tratar de evitar la masacre de muerte y destrucci\u00f3n, de contaminaci\u00f3n, avaricia y ego\u00edsmo, del cambio clim\u00e1tico y la extinci\u00f3n de las especies, incluyendo la nuestra,\u00a0 que practicamos los seres humanos cada vez m\u00e1s, mientras m\u00e1s avanza el tiempo y mientras m\u00e1s y m\u00e1s desgracia se presenta a nivel global, que es la destrucci\u00f3n total de todo lo que vive, y que, por la ley del destino: Lo Que Siembras, Cosechas&#8230; Lo Que Das Se Te Regresa, si no haces nada para comenzar a revertir esta macabra tendencia mundial, muy pronto el destino te alcanzar\u00e1.<\/p>\n","protected":false},"excerpt":{"rendered":"<p>Aunque no te lo han ense\u00f1ado, t\u00fa eres el todo, y el todo eres t\u00fa, aunque, al mismo tiempo t\u00fa seas una peque\u00f1a parte del todo como lo es una part\u00edcula elemental, un electr\u00f3n que s\u00f3lo es una carga el\u00e9ctrica, de un objeto que tiene m\u00e1s de mil millones de electrones, por m\u00e1s peque\u00f1o que ese objeto sea, un grano de az\u00facar, por ejemplo, y que no se perciba que es electricidad, ya que no te da un toque el\u00e9ctrico mortal al agregarlo a tu alimento.<\/p>\n<p>Dona una peque\u00f1\u00edsima parte de lo que ingresas en forma continuamente creciente a AH, no nada m\u00e1s para ayudar a hacer su tarea diaria a los que somos empleados formales de AH, sino que a la sociedad en general, puesto que todos son potencialmente empleados de AH, ya que invitaremos a los que todav\u00eda no lo son, har\u00e1s de este mundo un para\u00edso mejor. <a class=\"continue-reading-link\" href=\"https:\/\/tsu.network\/tsu\/producto\/donar-dos-dolares-antes-de-suscribirse-a-la-red-victory-de-raul-salaverry\/\"> Continue reading <span class=\"meta-nav\">&rarr; <\/span><\/a><\/p>\n","protected":false},"featured_media":119,"comment_status":"open","ping_status":"closed","template":"","meta":[],"product_brand":[],"product_cat":[23],"product_tag":[22,24,17],"class_list":{"0":"post-118","1":"product","2":"type-product","3":"status-publish","4":"has-post-thumbnail","6":"product_cat-ayuda-humanitaria-ah","7":"product_tag-ayuda-humanitaria","8":"product_tag-ayuda-para-ser-ayudado","9":"product_tag-membresia-tsu","11":"first","12":"instock","13":"sale","14":"purchasable","15":"product-type-simple"},"jetpack_sharing_enabled":true,"_links":{"self":[{"href":"https:\/\/tsu.network\/tsu\/wp-json\/wp\/v2\/product\/118","targetHints":{"allow":["GET"]}}],"collection":[{"href":"https:\/\/tsu.network\/tsu\/wp-json\/wp\/v2\/product"}],"about":[{"href":"https:\/\/tsu.network\/tsu\/wp-json\/wp\/v2\/types\/product"}],"replies":[{"embeddable":true,"href":"https:\/\/tsu.network\/tsu\/wp-json\/wp\/v2\/comments?post=118"}],"wp:featuredmedia":[{"embeddable":true,"href":"https:\/\/tsu.network\/tsu\/wp-json\/wp\/v2\/media\/119"}],"wp:attachment":[{"href":"https:\/\/tsu.network\/tsu\/wp-json\/wp\/v2\/media?parent=118"}],"wp:term":[{"taxonomy":"product_brand","embeddable":true,"href":"https:\/\/tsu.network\/tsu\/wp-json\/wp\/v2\/product_brand?post=118"},{"taxonomy":"product_cat","embeddable":true,"href":"https:\/\/tsu.network\/tsu\/wp-json\/wp\/v2\/product_cat?post=118"},{"taxonomy":"product_tag","embeddable":true,"href":"https:\/\/tsu.network\/tsu\/wp-json\/wp\/v2\/product_tag?post=118"}],"curies":[{"name":"wp","href":"https:\/\/api.w.org\/{rel}","templated":true}]}}