{"id":81,"date":"2026-01-26T01:55:26","date_gmt":"2026-01-26T01:55:26","guid":{"rendered":"http:\/\/tsu.network\/tsu\/?post_type=product&#038;p=81"},"modified":"2026-02-01T15:51:25","modified_gmt":"2026-02-01T15:51:25","slug":"membresia-tsu-ac-como-ser-humano","status":"publish","type":"product","link":"https:\/\/tsu.network\/tsu\/producto\/membresia-tsu-ac-como-ser-humano\/","title":{"rendered":"Membres\u00eda tsu-ac como Ser Humano"},"content":{"rendered":"<p>Todos somos miembros de AH, ya que AH no distingue entre pobres y ricos, entre los unos y los otros que vivimos en este mundo. Todos somos dignos de ser ayudados y todos ayudamos, al mismo tiempo, para hacer de este mundo un Para\u00edso Mejor.<\/p>\n<p>Muchas gracias por adquirir tu Membres\u00eda como Ser Humano.<\/p>\n","protected":false},"excerpt":{"rendered":"<p>Membres\u00eda que puede ser vitalicia, seg\u00fan tu comprensi\u00f3n de lo que significa Ser Humano, algo que en general la gente no conoce, ya que su conciencia de Quienes Somos Realmente est\u00e1 dormida, y, en este momento se trata del Despertar de La Conciencia, o, si esto no es as\u00ed, la extinci\u00f3n total de todo lo que tiene vida en este planeta. <a class=\"continue-reading-link\" href=\"https:\/\/tsu.network\/tsu\/producto\/membresia-tsu-ac-como-ser-humano\/\"> Continue reading <span class=\"meta-nav\">&rarr; <\/span><\/a><\/p>\n","protected":false},"featured_media":82,"comment_status":"open","ping_status":"closed","template":"","meta":[],"product_brand":[],"product_cat":[16],"product_tag":[21,17,19,18,20],"class_list":{"0":"post-81","1":"product","2":"type-product","3":"status-publish","4":"has-post-thumbnail","6":"product_cat-sin-categorizar","7":"product_tag-home-office","8":"product_tag-membresia-tsu","9":"product_tag-trabaja-desde-casa","10":"product_tag-tsu-ac","11":"product_tag-tu-propio-negocio-por-internet","13":"first","14":"instock","15":"sale","16":"taxable","17":"shipping-taxable","18":"purchasable","19":"product-type-simple"},"jetpack_sharing_enabled":true,"_links":{"self":[{"href":"https:\/\/tsu.network\/tsu\/wp-json\/wp\/v2\/product\/81","targetHints":{"allow":["GET"]}}],"collection":[{"href":"https:\/\/tsu.network\/tsu\/wp-json\/wp\/v2\/product"}],"about":[{"href":"https:\/\/tsu.network\/tsu\/wp-json\/wp\/v2\/types\/product"}],"replies":[{"embeddable":true,"href":"https:\/\/tsu.network\/tsu\/wp-json\/wp\/v2\/comments?post=81"}],"wp:featuredmedia":[{"embeddable":true,"href":"https:\/\/tsu.network\/tsu\/wp-json\/wp\/v2\/media\/82"}],"wp:attachment":[{"href":"https:\/\/tsu.network\/tsu\/wp-json\/wp\/v2\/media?parent=81"}],"wp:term":[{"taxonomy":"product_brand","embeddable":true,"href":"https:\/\/tsu.network\/tsu\/wp-json\/wp\/v2\/product_brand?post=81"},{"taxonomy":"product_cat","embeddable":true,"href":"https:\/\/tsu.network\/tsu\/wp-json\/wp\/v2\/product_cat?post=81"},{"taxonomy":"product_tag","embeddable":true,"href":"https:\/\/tsu.network\/tsu\/wp-json\/wp\/v2\/product_tag?post=81"}],"curies":[{"name":"wp","href":"https:\/\/api.w.org\/{rel}","templated":true}]}}